{"id":567,"date":"2022-09-15T12:03:54","date_gmt":"2022-09-15T12:03:54","guid":{"rendered":"https:\/\/www.brumasecenarios.com\/termos-e-condicoes-das-atividades\/"},"modified":"2025-07-09T16:43:28","modified_gmt":"2025-07-09T16:43:28","slug":"termes-et-conditions-des-activites","status":"publish","type":"page","link":"https:\/\/www.brumasecenarios.com\/fr\/termes-et-conditions-des-activites\/","title":{"rendered":"Termes et Conditions des Activit\u00e9s"},"content":{"rendered":"<p>Nos excursions d&rsquo;une demi-journ\u00e9e et d&rsquo;une journ\u00e9e ont un nombre minimum de 2 personnes. Sur ces m\u00eames services, il y a la possibilit\u00e9 de s&rsquo;arr\u00eater \u00e0 d&rsquo;autres points d&rsquo;int\u00e9r\u00eat. Nous appliquons une r\u00e9duction de 25% pour les enfants de moins de 12 ans ;<\/p>\n<p><strong>TVA :<\/strong> Tous les prix indiqu\u00e9s dans les programmes et sur le site web de l&rsquo;Agence refl\u00e8tent d\u00e9j\u00e0 la taxe sur la valeur ajout\u00e9e au taux en vigueur ;<\/p>\n<p>En cas de restrictions alimentaires, nous recommandons au client de nous en informer, faute de quoi nous ne pourrons \u00eatre tenus responsables des d\u00e9sagr\u00e9ments caus\u00e9s.<\/p>\n<p><strong>Objets trouv\u00e9s :<\/strong> ils seront restitu\u00e9s gratuitement dans la mesure o\u00f9 ils ne causent pas de d\u00e9sagr\u00e9ment \u00e0 l&rsquo;entreprise et sous r\u00e9serve de disponibilit\u00e9. Dans le cas contraire, nous appliquerons des frais de d\u00e9placement ou d&rsquo;exp\u00e9dition (via CTT). Nous conservons les objets perdus du client pendant 6 mois.<\/p>\n<p><strong>Mode de paiement :<\/strong> Le partenaire peut payer les services demand\u00e9s (en esp\u00e8ces (\u20ac) ou par virement bancaire), avant ou apr\u00e8s le service selon l&rsquo;accord pr\u00e9alable (pour les paiements apr\u00e8s les services demand\u00e9s, un contrat \u00e9mis par Brumas &amp; Cen\u00e1rios sera \u00e9tabli) ;<\/p>\n<p>Brumas &amp; Cen\u00e1rios se r\u00e9serve le droit de demander un paiement \u00e0 l&rsquo;avance, si cela est n\u00e9cessaire pour garantir les activit\u00e9s, qu&rsquo;il s&rsquo;agisse des siennes ou de celles des fournisseurs ;<\/p>\n<p><strong>R\u00e9servations d&rsquo;h\u00e9bergement :<\/strong> l&rsquo;Agence effectue les r\u00e9servations directement aupr\u00e8s des unit\u00e9s h\u00f4teli\u00e8res et\/ou par l&rsquo;interm\u00e9diaire de centrales de r\u00e9servation ;<\/p>\n<p>L&rsquo;information sur la disponibilit\u00e9 et les prix de l&rsquo;h\u00e9bergement requis rel\u00e8ve de la responsabilit\u00e9 des fournisseurs ;<\/p>\n<p>Les tarifs indiqu\u00e9s, lorsqu&rsquo;ils sont demand\u00e9s, sont dynamiques et peuvent, si la r\u00e9servation n&rsquo;est pas faite imm\u00e9diatement, subir des changements de prix ;<\/p>\n<p><strong>Location de voitures :<\/strong> l&rsquo;agence agit en tant qu&rsquo;interm\u00e9diaire dans les services de location de voitures, elle se limite donc \u00e0 diriger les demandes de location vers les fournisseurs de ce type de service \u00e0 destination ;<\/p>\n<p>Si le client demande des extras lou\u00e9s localement et non pris en compte dans le prix initialement communiqu\u00e9, le client est responsable des co\u00fbts suppl\u00e9mentaires ;<\/p>\n<p><strong>Modifications :<\/strong> si des raisons ind\u00e9pendantes le justifient, l&rsquo;agence peut, dans le cas d&rsquo;activit\u00e9s\/\u00e9v\u00e9nements organis\u00e9s, changer l&rsquo;ordre des itin\u00e9raires, modifier les horaires, remplacer l&rsquo;un des h\u00e9bergements pr\u00e9vus par un autre de cat\u00e9gorie et d&#8217;emplacement similaires, et doit en informer le client d\u00e8s qu&rsquo;elle en a connaissance ;<\/p>\n<p>Annulation d&rsquo;activit\u00e9s : si des raisons ind\u00e9pendantes le justifient, Brumas &amp; Cen\u00e1rios se chargera de r\u00e9organiser les activit\u00e9s en question, pour autant qu&rsquo;elles ne causent pas d&rsquo;inconv\u00e9nients au client, et devra l&rsquo;informer de cette modification d\u00e8s qu&rsquo;elle en aura pris connaissance ;<\/p>\n<p>&nbsp;<\/p>\n<p><strong>Non pr\u00e9sentation :<\/strong><\/p>\n<p>Transferts :<\/p>\n<p><em>De l&rsquo;a\u00e9roport<\/em> &#8211; Nous consid\u00e9rons qu&rsquo;il y a non-pr\u00e9sentation 45 minutes apr\u00e8s l&rsquo;arriv\u00e9e du vol si le client ne se pr\u00e9sente pas ou ne nous contacte pas.<\/p>\n<p><em>Autres<\/em> &#8211; Nous consid\u00e9rons comme no-show la non-pr\u00e9sentation ou l&rsquo;absence de contact du client jusqu&rsquo;\u00e0 10 minutes apr\u00e8s l&rsquo;heure pr\u00e9vue ;<\/p>\n<p>Brumas &amp; Cen\u00e1rios se r\u00e9serve le droit de facturer 100 % de la valeur du transfert.<\/p>\n<p>&nbsp;<\/p>\n<p>Visites priv\u00e9es, promenades en jeep et randonn\u00e9es priv\u00e9es :<\/p>\n<p>Nous consid\u00e9rons que le client ne s&rsquo;est pas pr\u00e9sent\u00e9 ou n&rsquo;a pas pris contact avec nous dans les 30 minutes pr\u00e9c\u00e9dant l&rsquo;heure pr\u00e9vue ;<\/p>\n<p>Brumas &amp; Cen\u00e1rios se r\u00e9serve le droit de facturer 100 % de la valeur de l&rsquo;excursion, sauf en cas de d\u00e9c\u00e8s, d&rsquo;urgence m\u00e9dicale ou familiale, d\u00fbment justifi\u00e9s, \u00e0 condition qu&rsquo;ils ne causent aucun inconv\u00e9nient \u00e0 l&rsquo;entreprise (frais de voyage, de parc, etc.). Dans ce cas, Brumas &amp; Cen\u00e1rios se r\u00e9serve le droit de facturer un montant justifi\u00e9 pour supporter ces co\u00fbts ;<\/p>\n<p>&nbsp;<\/p>\n<p>&nbsp;<\/p>\n<p>Excursions :<\/p>\n<p>Nous consid\u00e9rons comme une absence la non-pr\u00e9sentation ou l&rsquo;absence de contact du client jusqu&rsquo;\u00e0 15 minutes apr\u00e8s l&rsquo;heure pr\u00e9vue ;<\/p>\n<p>Brumas &amp; Cen\u00e1rios se r\u00e9serve le droit de facturer 100 % de la valeur de l&rsquo;excursion, sauf en cas de d\u00e9c\u00e8s, d&rsquo;urgence m\u00e9dicale ou familiale, d\u00fbment justifi\u00e9s, \u00e0 condition qu&rsquo;ils ne causent aucun inconv\u00e9nient \u00e0 l&rsquo;entreprise (frais de voyage, de parc, etc.). Dans ce cas, Brumas &amp; Cen\u00e1rios se r\u00e9serve le droit de facturer un montant justifi\u00e9 pour supporter ces co\u00fbts ;<\/p>\n<p>Si le client souhaite reprogrammer l&rsquo;excursion \u00e0 laquelle il n&rsquo;a pas particip\u00e9, Brumas &amp; Cen\u00e1rios lui accordera une r\u00e9duction de 50 %.<\/p>\n<p>&nbsp;<\/p>\n<p>Activit\u00e9s des partenaires (h\u00e9bergement\/h\u00f4tels, location de voiture, autres activit\u00e9s) :<\/p>\n<p>La politique de non-pr\u00e9sentation varie en fonction de chaque entreprise (et peut \u00eatre communiqu\u00e9e au cours du processus de r\u00e9servation, le cas \u00e9ch\u00e9ant).<\/p>\n","protected":false},"excerpt":{"rendered":"<p>Nos excursions d&rsquo;une demi-journ\u00e9e et d&rsquo;une journ\u00e9e ont un nombre minimum de 2 personnes. Sur ces m\u00eames services, il y a la possibilit\u00e9 de s&rsquo;arr\u00eater \u00e0 d&rsquo;autres points d&rsquo;int\u00e9r\u00eat. Nous appliquons une r\u00e9duction de 25% pour les enfants de moins de 12 ans ; TVA : Tous les prix indiqu\u00e9s dans les programmes et sur [&hellip;]<\/p>\n","protected":false},"author":1,"featured_media":0,"parent":0,"menu_order":0,"comment_status":"closed","ping_status":"closed","template":"","meta":{"footnotes":""},"class_list":["post-567","page","type-page","status-publish","hentry"],"acf":[],"yoast_head":"<!-- This site is optimized with the Yoast SEO plugin v20.1 - https:\/\/yoast.com\/wordpress\/plugins\/seo\/ -->\n<title>Termes et Conditions des Activit\u00e9s - Brumas &amp; Cen\u00e1rios<\/title>\n<meta name=\"description\" content=\"Avant de faire votre r\u00e9servation, lisez attentivement les termes et conditions des nos activit\u00e9s ici. Contactez-nous pour plus d\u2019informations\" \/>\n<meta name=\"robots\" content=\"index, follow, max-snippet:-1, max-image-preview:large, max-video-preview:-1\" \/>\n<link rel=\"canonical\" href=\"https:\/\/www.brumasecenarios.com\/fr\/termes-et-conditions-des-activites\/\" \/>\n<meta property=\"og:locale\" content=\"fr_FR\" \/>\n<meta property=\"og:type\" content=\"article\" \/>\n<meta property=\"og:title\" content=\"Termes et Conditions des Activit\u00e9s - Brumas &amp; Cen\u00e1rios\" \/>\n<meta property=\"og:description\" content=\"Avant de faire votre r\u00e9servation, lisez attentivement les termes et conditions des nos activit\u00e9s ici. Contactez-nous pour plus d\u2019informations\" \/>\n<meta property=\"og:url\" content=\"https:\/\/www.brumasecenarios.com\/fr\/termes-et-conditions-des-activites\/\" \/>\n<meta property=\"og:site_name\" content=\"Brumas &amp; Cen\u00e1rios\" \/>\n<meta property=\"article:modified_time\" content=\"2025-07-09T16:43:28+00:00\" \/>\n<meta name=\"twitter:card\" content=\"summary_large_image\" \/>\n<meta name=\"twitter:label1\" content=\"Dur\u00e9e de lecture estim\u00e9e\" \/>\n\t<meta name=\"twitter:data1\" content=\"4 minutes\" \/>\n<script type=\"application\/ld+json\" class=\"yoast-schema-graph\">{\"@context\":\"https:\/\/schema.org\",\"@graph\":[{\"@type\":\"WebPage\",\"@id\":\"https:\/\/www.brumasecenarios.com\/fr\/termes-et-conditions-des-activites\/\",\"url\":\"https:\/\/www.brumasecenarios.com\/fr\/termes-et-conditions-des-activites\/\",\"name\":\"Termes et Conditions des Activit\u00e9s - Brumas &amp; Cen\u00e1rios\",\"isPartOf\":{\"@id\":\"https:\/\/www.brumasecenarios.com\/#website\"},\"datePublished\":\"2022-09-15T12:03:54+00:00\",\"dateModified\":\"2025-07-09T16:43:28+00:00\",\"description\":\"Avant de faire votre r\u00e9servation, lisez attentivement les termes et conditions des nos activit\u00e9s ici. Contactez-nous pour plus d\u2019informations\",\"breadcrumb\":{\"@id\":\"https:\/\/www.brumasecenarios.com\/fr\/termes-et-conditions-des-activites\/#breadcrumb\"},\"inLanguage\":\"fr-FR\",\"potentialAction\":[{\"@type\":\"ReadAction\",\"target\":[\"https:\/\/www.brumasecenarios.com\/fr\/termes-et-conditions-des-activites\/\"]}]},{\"@type\":\"BreadcrumbList\",\"@id\":\"https:\/\/www.brumasecenarios.com\/fr\/termes-et-conditions-des-activites\/#breadcrumb\",\"itemListElement\":[{\"@type\":\"ListItem\",\"position\":1,\"name\":\"Home\",\"item\":\"https:\/\/www.brumasecenarios.com\/fr\/\"},{\"@type\":\"ListItem\",\"position\":2,\"name\":\"Termes et Conditions des Activit\u00e9s\"}]},{\"@type\":\"WebSite\",\"@id\":\"https:\/\/www.brumasecenarios.com\/#website\",\"url\":\"https:\/\/www.brumasecenarios.com\/\",\"name\":\"Brumas &amp; Cen\u00e1rios\",\"description\":\"\",\"potentialAction\":[{\"@type\":\"SearchAction\",\"target\":{\"@type\":\"EntryPoint\",\"urlTemplate\":\"https:\/\/www.brumasecenarios.com\/?s={search_term_string}\"},\"query-input\":\"required name=search_term_string\"}],\"inLanguage\":\"fr-FR\"}]}<\/script>\n<!-- \/ Yoast SEO plugin. -->","yoast_head_json":{"title":"Termes et Conditions des Activit\u00e9s - Brumas &amp; Cen\u00e1rios","description":"Avant de faire votre r\u00e9servation, lisez attentivement les termes et conditions des nos activit\u00e9s ici. Contactez-nous pour plus d\u2019informations","robots":{"index":"index","follow":"follow","max-snippet":"max-snippet:-1","max-image-preview":"max-image-preview:large","max-video-preview":"max-video-preview:-1"},"canonical":"https:\/\/www.brumasecenarios.com\/fr\/termes-et-conditions-des-activites\/","og_locale":"fr_FR","og_type":"article","og_title":"Termes et Conditions des Activit\u00e9s - Brumas &amp; Cen\u00e1rios","og_description":"Avant de faire votre r\u00e9servation, lisez attentivement les termes et conditions des nos activit\u00e9s ici. Contactez-nous pour plus d\u2019informations","og_url":"https:\/\/www.brumasecenarios.com\/fr\/termes-et-conditions-des-activites\/","og_site_name":"Brumas &amp; Cen\u00e1rios","article_modified_time":"2025-07-09T16:43:28+00:00","twitter_card":"summary_large_image","twitter_misc":{"Dur\u00e9e de lecture estim\u00e9e":"4 minutes"},"schema":{"@context":"https:\/\/schema.org","@graph":[{"@type":"WebPage","@id":"https:\/\/www.brumasecenarios.com\/fr\/termes-et-conditions-des-activites\/","url":"https:\/\/www.brumasecenarios.com\/fr\/termes-et-conditions-des-activites\/","name":"Termes et Conditions des Activit\u00e9s - Brumas &amp; Cen\u00e1rios","isPartOf":{"@id":"https:\/\/www.brumasecenarios.com\/#website"},"datePublished":"2022-09-15T12:03:54+00:00","dateModified":"2025-07-09T16:43:28+00:00","description":"Avant de faire votre r\u00e9servation, lisez attentivement les termes et conditions des nos activit\u00e9s ici. Contactez-nous pour plus d\u2019informations","breadcrumb":{"@id":"https:\/\/www.brumasecenarios.com\/fr\/termes-et-conditions-des-activites\/#breadcrumb"},"inLanguage":"fr-FR","potentialAction":[{"@type":"ReadAction","target":["https:\/\/www.brumasecenarios.com\/fr\/termes-et-conditions-des-activites\/"]}]},{"@type":"BreadcrumbList","@id":"https:\/\/www.brumasecenarios.com\/fr\/termes-et-conditions-des-activites\/#breadcrumb","itemListElement":[{"@type":"ListItem","position":1,"name":"Home","item":"https:\/\/www.brumasecenarios.com\/fr\/"},{"@type":"ListItem","position":2,"name":"Termes et Conditions des Activit\u00e9s"}]},{"@type":"WebSite","@id":"https:\/\/www.brumasecenarios.com\/#website","url":"https:\/\/www.brumasecenarios.com\/","name":"Brumas &amp; Cen\u00e1rios","description":"","potentialAction":[{"@type":"SearchAction","target":{"@type":"EntryPoint","urlTemplate":"https:\/\/www.brumasecenarios.com\/?s={search_term_string}"},"query-input":"required name=search_term_string"}],"inLanguage":"fr-FR"}]}},"_links":{"self":[{"href":"https:\/\/www.brumasecenarios.com\/fr\/wp-json\/wp\/v2\/pages\/567","targetHints":{"allow":["GET"]}}],"collection":[{"href":"https:\/\/www.brumasecenarios.com\/fr\/wp-json\/wp\/v2\/pages"}],"about":[{"href":"https:\/\/www.brumasecenarios.com\/fr\/wp-json\/wp\/v2\/types\/page"}],"author":[{"embeddable":true,"href":"https:\/\/www.brumasecenarios.com\/fr\/wp-json\/wp\/v2\/users\/1"}],"replies":[{"embeddable":true,"href":"https:\/\/www.brumasecenarios.com\/fr\/wp-json\/wp\/v2\/comments?post=567"}],"version-history":[{"count":6,"href":"https:\/\/www.brumasecenarios.com\/fr\/wp-json\/wp\/v2\/pages\/567\/revisions"}],"predecessor-version":[{"id":2260,"href":"https:\/\/www.brumasecenarios.com\/fr\/wp-json\/wp\/v2\/pages\/567\/revisions\/2260"}],"wp:attachment":[{"href":"https:\/\/www.brumasecenarios.com\/fr\/wp-json\/wp\/v2\/media?parent=567"}],"curies":[{"name":"wp","href":"https:\/\/api.w.org\/{rel}","templated":true}]}}