{"id":540,"date":"2022-09-15T12:02:57","date_gmt":"2022-09-15T12:02:57","guid":{"rendered":"https:\/\/www.brumasecenarios.com\/politica-de-cancelamento\/"},"modified":"2023-04-21T09:43:45","modified_gmt":"2023-04-21T09:43:45","slug":"politique-dannulation","status":"publish","type":"page","link":"https:\/\/www.brumasecenarios.com\/fr\/politique-dannulation\/","title":{"rendered":"Politique d&rsquo;Annulation"},"content":{"rendered":"<p><strong>Renonciations et annulations par le client ou l&rsquo;agence :<\/strong><\/p>\n<p>Transferts :<\/p>\n<p>Brumas &amp; Cen\u00e1rios, se r\u00e9serve le droit de facturer 100% de la valeur du transfert, ou un montant justifiable pour supporter les frais de voyage et les temps d&rsquo;attente, lorsque le transfert est annul\u00e9 moins de 3 heures avant l&rsquo;heure pr\u00e9vue. Pour les transferts demand\u00e9s moins de 3 heures avant l&rsquo;heure pr\u00e9vue, nous appliquons la m\u00eame politique en cas de d\u00e9sistement ou d&rsquo;annulation ;<\/p>\n<p>&nbsp;<\/p>\n<p>Tours priv\u00e9s, tours en jeep, treks priv\u00e9s et excursions :<\/p>\n<p>Brumas &amp; Cen\u00e1rios, se r\u00e9serve le droit de facturer 100% de la valeur de ses activit\u00e9s, si l&rsquo;annulation est faite moins de 48 heures avant le d\u00e9but de l&rsquo;activit\u00e9 ;<\/p>\n<p>Si le client souhaite reprogrammer l&rsquo;activit\u00e9 ou le transfert annul\u00e9, Brumas &amp; Cen\u00e1rios appliquera une r\u00e9duction de 50 % ;<\/p>\n<p>Pour les activit\u00e9s et les transferts, les politiques d&rsquo;annulation ne s&rsquo;appliqueront pas en cas de d\u00e9c\u00e8s, d&rsquo;urgence m\u00e9dicale ou familiale, d\u00fbment justifi\u00e9s tant qu&rsquo;ils ne causent pas d&rsquo;inconv\u00e9nients \u00e0 l&rsquo;entreprise (frais de voyage, de parc, etc.). Dans ce cas, Brumas &amp; Cen\u00e1rios se r\u00e9serve le droit de facturer un montant justifi\u00e9 pour supporter ces co\u00fbts ;<\/p>\n<p>Pour les activit\u00e9s des partenaires (h\u00e9bergement\/h\u00f4tels, location de voitures et autres activit\u00e9s), les politiques d&rsquo;annulation varient en fonction de chaque entreprise (qui peut \u00eatre inform\u00e9e dans le processus de r\u00e9servation, si n\u00e9cessaire).<\/p>\n","protected":false},"excerpt":{"rendered":"<p>Renonciations et annulations par le client ou l&rsquo;agence : Transferts : Brumas &amp; Cen\u00e1rios, se r\u00e9serve le droit de facturer 100% de la valeur du transfert, ou un montant justifiable pour supporter les frais de voyage et les temps d&rsquo;attente, lorsque le transfert est annul\u00e9 moins de 3 heures avant l&rsquo;heure pr\u00e9vue. Pour les transferts [&hellip;]<\/p>\n","protected":false},"author":1,"featured_media":0,"parent":0,"menu_order":0,"comment_status":"closed","ping_status":"closed","template":"","meta":{"footnotes":""},"class_list":["post-540","page","type-page","status-publish","hentry"],"acf":[],"yoast_head":"<!-- This site is optimized with the Yoast SEO plugin v20.1 - https:\/\/yoast.com\/wordpress\/plugins\/seo\/ -->\n<title>Politique d&#039;Annulation - Brumas &amp; Cen\u00e1rios<\/title>\n<meta name=\"description\" content=\"Soyez au courant de la politique d\u2019annulation de Brumas &amp; Cen\u00e1rios. Cliquez ici pour acc\u00e9der \u00e0 toutes les informations n\u00e9cessaires.\" \/>\n<meta name=\"robots\" content=\"index, follow, max-snippet:-1, max-image-preview:large, max-video-preview:-1\" \/>\n<link rel=\"canonical\" href=\"https:\/\/www.brumasecenarios.com\/fr\/politique-dannulation\/\" \/>\n<meta property=\"og:locale\" content=\"fr_FR\" \/>\n<meta property=\"og:type\" content=\"article\" \/>\n<meta property=\"og:title\" content=\"Politique d&#039;Annulation - Brumas &amp; Cen\u00e1rios\" \/>\n<meta property=\"og:description\" content=\"Soyez au courant de la politique d\u2019annulation de Brumas &amp; Cen\u00e1rios. Cliquez ici pour acc\u00e9der \u00e0 toutes les informations n\u00e9cessaires.\" \/>\n<meta property=\"og:url\" content=\"https:\/\/www.brumasecenarios.com\/fr\/politique-dannulation\/\" \/>\n<meta property=\"og:site_name\" content=\"Brumas &amp; Cen\u00e1rios\" \/>\n<meta property=\"article:modified_time\" content=\"2023-04-21T09:43:45+00:00\" \/>\n<meta name=\"twitter:card\" content=\"summary_large_image\" \/>\n<meta name=\"twitter:label1\" content=\"Dur\u00e9e de lecture estim\u00e9e\" \/>\n\t<meta name=\"twitter:data1\" content=\"2 minutes\" \/>\n<script type=\"application\/ld+json\" class=\"yoast-schema-graph\">{\"@context\":\"https:\/\/schema.org\",\"@graph\":[{\"@type\":\"WebPage\",\"@id\":\"https:\/\/www.brumasecenarios.com\/fr\/politique-dannulation\/\",\"url\":\"https:\/\/www.brumasecenarios.com\/fr\/politique-dannulation\/\",\"name\":\"Politique d'Annulation - Brumas &amp; Cen\u00e1rios\",\"isPartOf\":{\"@id\":\"https:\/\/www.brumasecenarios.com\/#website\"},\"datePublished\":\"2022-09-15T12:02:57+00:00\",\"dateModified\":\"2023-04-21T09:43:45+00:00\",\"description\":\"Soyez au courant de la politique d\u2019annulation de Brumas & Cen\u00e1rios. Cliquez ici pour acc\u00e9der \u00e0 toutes les informations n\u00e9cessaires.\",\"breadcrumb\":{\"@id\":\"https:\/\/www.brumasecenarios.com\/fr\/politique-dannulation\/#breadcrumb\"},\"inLanguage\":\"fr-FR\",\"potentialAction\":[{\"@type\":\"ReadAction\",\"target\":[\"https:\/\/www.brumasecenarios.com\/fr\/politique-dannulation\/\"]}]},{\"@type\":\"BreadcrumbList\",\"@id\":\"https:\/\/www.brumasecenarios.com\/fr\/politique-dannulation\/#breadcrumb\",\"itemListElement\":[{\"@type\":\"ListItem\",\"position\":1,\"name\":\"Home\",\"item\":\"https:\/\/www.brumasecenarios.com\/fr\/\"},{\"@type\":\"ListItem\",\"position\":2,\"name\":\"Politique d&#8217;Annulation\"}]},{\"@type\":\"WebSite\",\"@id\":\"https:\/\/www.brumasecenarios.com\/#website\",\"url\":\"https:\/\/www.brumasecenarios.com\/\",\"name\":\"Brumas &amp; Cen\u00e1rios\",\"description\":\"\",\"potentialAction\":[{\"@type\":\"SearchAction\",\"target\":{\"@type\":\"EntryPoint\",\"urlTemplate\":\"https:\/\/www.brumasecenarios.com\/?s={search_term_string}\"},\"query-input\":\"required name=search_term_string\"}],\"inLanguage\":\"fr-FR\"}]}<\/script>\n<!-- \/ Yoast SEO plugin. -->","yoast_head_json":{"title":"Politique d'Annulation - Brumas &amp; Cen\u00e1rios","description":"Soyez au courant de la politique d\u2019annulation de Brumas & Cen\u00e1rios. Cliquez ici pour acc\u00e9der \u00e0 toutes les informations n\u00e9cessaires.","robots":{"index":"index","follow":"follow","max-snippet":"max-snippet:-1","max-image-preview":"max-image-preview:large","max-video-preview":"max-video-preview:-1"},"canonical":"https:\/\/www.brumasecenarios.com\/fr\/politique-dannulation\/","og_locale":"fr_FR","og_type":"article","og_title":"Politique d'Annulation - Brumas &amp; Cen\u00e1rios","og_description":"Soyez au courant de la politique d\u2019annulation de Brumas & Cen\u00e1rios. Cliquez ici pour acc\u00e9der \u00e0 toutes les informations n\u00e9cessaires.","og_url":"https:\/\/www.brumasecenarios.com\/fr\/politique-dannulation\/","og_site_name":"Brumas &amp; Cen\u00e1rios","article_modified_time":"2023-04-21T09:43:45+00:00","twitter_card":"summary_large_image","twitter_misc":{"Dur\u00e9e de lecture estim\u00e9e":"2 minutes"},"schema":{"@context":"https:\/\/schema.org","@graph":[{"@type":"WebPage","@id":"https:\/\/www.brumasecenarios.com\/fr\/politique-dannulation\/","url":"https:\/\/www.brumasecenarios.com\/fr\/politique-dannulation\/","name":"Politique d'Annulation - Brumas &amp; Cen\u00e1rios","isPartOf":{"@id":"https:\/\/www.brumasecenarios.com\/#website"},"datePublished":"2022-09-15T12:02:57+00:00","dateModified":"2023-04-21T09:43:45+00:00","description":"Soyez au courant de la politique d\u2019annulation de Brumas & Cen\u00e1rios. Cliquez ici pour acc\u00e9der \u00e0 toutes les informations n\u00e9cessaires.","breadcrumb":{"@id":"https:\/\/www.brumasecenarios.com\/fr\/politique-dannulation\/#breadcrumb"},"inLanguage":"fr-FR","potentialAction":[{"@type":"ReadAction","target":["https:\/\/www.brumasecenarios.com\/fr\/politique-dannulation\/"]}]},{"@type":"BreadcrumbList","@id":"https:\/\/www.brumasecenarios.com\/fr\/politique-dannulation\/#breadcrumb","itemListElement":[{"@type":"ListItem","position":1,"name":"Home","item":"https:\/\/www.brumasecenarios.com\/fr\/"},{"@type":"ListItem","position":2,"name":"Politique d&#8217;Annulation"}]},{"@type":"WebSite","@id":"https:\/\/www.brumasecenarios.com\/#website","url":"https:\/\/www.brumasecenarios.com\/","name":"Brumas &amp; Cen\u00e1rios","description":"","potentialAction":[{"@type":"SearchAction","target":{"@type":"EntryPoint","urlTemplate":"https:\/\/www.brumasecenarios.com\/?s={search_term_string}"},"query-input":"required name=search_term_string"}],"inLanguage":"fr-FR"}]}},"_links":{"self":[{"href":"https:\/\/www.brumasecenarios.com\/fr\/wp-json\/wp\/v2\/pages\/540","targetHints":{"allow":["GET"]}}],"collection":[{"href":"https:\/\/www.brumasecenarios.com\/fr\/wp-json\/wp\/v2\/pages"}],"about":[{"href":"https:\/\/www.brumasecenarios.com\/fr\/wp-json\/wp\/v2\/types\/page"}],"author":[{"embeddable":true,"href":"https:\/\/www.brumasecenarios.com\/fr\/wp-json\/wp\/v2\/users\/1"}],"replies":[{"embeddable":true,"href":"https:\/\/www.brumasecenarios.com\/fr\/wp-json\/wp\/v2\/comments?post=540"}],"version-history":[{"count":4,"href":"https:\/\/www.brumasecenarios.com\/fr\/wp-json\/wp\/v2\/pages\/540\/revisions"}],"predecessor-version":[{"id":938,"href":"https:\/\/www.brumasecenarios.com\/fr\/wp-json\/wp\/v2\/pages\/540\/revisions\/938"}],"wp:attachment":[{"href":"https:\/\/www.brumasecenarios.com\/fr\/wp-json\/wp\/v2\/media?parent=540"}],"curies":[{"name":"wp","href":"https:\/\/api.w.org\/{rel}","templated":true}]}}