{"id":488,"date":"2022-09-14T15:53:28","date_gmt":"2022-09-14T15:53:28","guid":{"rendered":"https:\/\/www.brumasecenarios.com\/alojamentos-viagens\/"},"modified":"2023-06-28T10:03:27","modified_gmt":"2023-06-28T10:03:27","slug":"hebergement-voyage","status":"publish","type":"page","link":"https:\/\/www.brumasecenarios.com\/fr\/hebergement-voyage\/","title":{"rendered":"H\u00e9bergement\/Voyage"},"content":{"rendered":"","protected":false},"excerpt":{"rendered":"","protected":false},"author":1,"featured_media":434,"parent":0,"menu_order":0,"comment_status":"closed","ping_status":"closed","template":"template-viagens.php","meta":{"footnotes":""},"class_list":["post-488","page","type-page","status-publish","has-post-thumbnail","hentry"],"acf":[],"yoast_head":"<!-- This site is optimized with the Yoast SEO plugin v20.1 - https:\/\/yoast.com\/wordpress\/plugins\/seo\/ -->\n<title>Vos vacances sur l\u2019ile de Sao Miguel, A\u00e7ores | Brumas &amp; Cen\u00e1rios<\/title>\n<meta name=\"description\" content=\"Chez Brumas &amp; Cen\u00e1rios, nous pouvons organiser vos vacances sur l\u2019ile de Sao Miguel, que ce soit des h\u00e9bergements ou des voyages.\" \/>\n<meta name=\"robots\" content=\"index, follow, max-snippet:-1, max-image-preview:large, max-video-preview:-1\" \/>\n<link rel=\"canonical\" href=\"https:\/\/www.brumasecenarios.com\/fr\/hebergement-voyage\/\" \/>\n<meta property=\"og:locale\" content=\"fr_FR\" \/>\n<meta property=\"og:type\" content=\"article\" \/>\n<meta property=\"og:title\" content=\"Vos vacances sur l\u2019ile de Sao Miguel, A\u00e7ores | Brumas &amp; Cen\u00e1rios\" \/>\n<meta property=\"og:description\" content=\"Chez Brumas &amp; Cen\u00e1rios, nous pouvons organiser vos vacances sur l\u2019ile de Sao Miguel, que ce soit des h\u00e9bergements ou des voyages.\" \/>\n<meta property=\"og:url\" content=\"https:\/\/www.brumasecenarios.com\/fr\/hebergement-voyage\/\" \/>\n<meta property=\"og:site_name\" content=\"Brumas &amp; Cen\u00e1rios\" \/>\n<meta property=\"article:modified_time\" content=\"2023-06-28T10:03:27+00:00\" \/>\n<meta property=\"og:image\" content=\"https:\/\/www.brumasecenarios.com\/wp-content\/uploads\/2023\/02\/sete-1-scaled.jpg\" \/>\n\t<meta property=\"og:image:width\" content=\"2560\" \/>\n\t<meta property=\"og:image:height\" content=\"1245\" \/>\n\t<meta property=\"og:image:type\" content=\"image\/jpeg\" \/>\n<meta name=\"twitter:card\" content=\"summary_large_image\" \/>\n<script type=\"application\/ld+json\" class=\"yoast-schema-graph\">{\"@context\":\"https:\/\/schema.org\",\"@graph\":[{\"@type\":\"WebPage\",\"@id\":\"https:\/\/www.brumasecenarios.com\/fr\/hebergement-voyage\/\",\"url\":\"https:\/\/www.brumasecenarios.com\/fr\/hebergement-voyage\/\",\"name\":\"Vos vacances sur l\u2019ile de Sao Miguel, A\u00e7ores | Brumas &amp; Cen\u00e1rios\",\"isPartOf\":{\"@id\":\"https:\/\/www.brumasecenarios.com\/#website\"},\"datePublished\":\"2022-09-14T15:53:28+00:00\",\"dateModified\":\"2023-06-28T10:03:27+00:00\",\"description\":\"Chez Brumas & Cen\u00e1rios, nous pouvons organiser vos vacances sur l\u2019ile de Sao Miguel, que ce soit des h\u00e9bergements ou des voyages.\",\"breadcrumb\":{\"@id\":\"https:\/\/www.brumasecenarios.com\/fr\/hebergement-voyage\/#breadcrumb\"},\"inLanguage\":\"fr-FR\",\"potentialAction\":[{\"@type\":\"ReadAction\",\"target\":[\"https:\/\/www.brumasecenarios.com\/fr\/hebergement-voyage\/\"]}]},{\"@type\":\"BreadcrumbList\",\"@id\":\"https:\/\/www.brumasecenarios.com\/fr\/hebergement-voyage\/#breadcrumb\",\"itemListElement\":[{\"@type\":\"ListItem\",\"position\":1,\"name\":\"Home\",\"item\":\"https:\/\/www.brumasecenarios.com\/fr\/\"},{\"@type\":\"ListItem\",\"position\":2,\"name\":\"H\u00e9bergement\/Voyage\"}]},{\"@type\":\"WebSite\",\"@id\":\"https:\/\/www.brumasecenarios.com\/#website\",\"url\":\"https:\/\/www.brumasecenarios.com\/\",\"name\":\"Brumas &amp; Cen\u00e1rios\",\"description\":\"\",\"potentialAction\":[{\"@type\":\"SearchAction\",\"target\":{\"@type\":\"EntryPoint\",\"urlTemplate\":\"https:\/\/www.brumasecenarios.com\/?s={search_term_string}\"},\"query-input\":\"required name=search_term_string\"}],\"inLanguage\":\"fr-FR\"}]}<\/script>\n<!-- \/ Yoast SEO plugin. -->","yoast_head_json":{"title":"Vos vacances sur l\u2019ile de Sao Miguel, A\u00e7ores | Brumas &amp; Cen\u00e1rios","description":"Chez Brumas & Cen\u00e1rios, nous pouvons organiser vos vacances sur l\u2019ile de Sao Miguel, que ce soit des h\u00e9bergements ou des voyages.","robots":{"index":"index","follow":"follow","max-snippet":"max-snippet:-1","max-image-preview":"max-image-preview:large","max-video-preview":"max-video-preview:-1"},"canonical":"https:\/\/www.brumasecenarios.com\/fr\/hebergement-voyage\/","og_locale":"fr_FR","og_type":"article","og_title":"Vos vacances sur l\u2019ile de Sao Miguel, A\u00e7ores | Brumas &amp; Cen\u00e1rios","og_description":"Chez Brumas & Cen\u00e1rios, nous pouvons organiser vos vacances sur l\u2019ile de Sao Miguel, que ce soit des h\u00e9bergements ou des voyages.","og_url":"https:\/\/www.brumasecenarios.com\/fr\/hebergement-voyage\/","og_site_name":"Brumas &amp; Cen\u00e1rios","article_modified_time":"2023-06-28T10:03:27+00:00","og_image":[{"width":2560,"height":1245,"url":"https:\/\/www.brumasecenarios.com\/wp-content\/uploads\/2023\/02\/sete-1-scaled.jpg","type":"image\/jpeg"}],"twitter_card":"summary_large_image","schema":{"@context":"https:\/\/schema.org","@graph":[{"@type":"WebPage","@id":"https:\/\/www.brumasecenarios.com\/fr\/hebergement-voyage\/","url":"https:\/\/www.brumasecenarios.com\/fr\/hebergement-voyage\/","name":"Vos vacances sur l\u2019ile de Sao Miguel, A\u00e7ores | Brumas &amp; Cen\u00e1rios","isPartOf":{"@id":"https:\/\/www.brumasecenarios.com\/#website"},"datePublished":"2022-09-14T15:53:28+00:00","dateModified":"2023-06-28T10:03:27+00:00","description":"Chez Brumas & Cen\u00e1rios, nous pouvons organiser vos vacances sur l\u2019ile de Sao Miguel, que ce soit des h\u00e9bergements ou des voyages.","breadcrumb":{"@id":"https:\/\/www.brumasecenarios.com\/fr\/hebergement-voyage\/#breadcrumb"},"inLanguage":"fr-FR","potentialAction":[{"@type":"ReadAction","target":["https:\/\/www.brumasecenarios.com\/fr\/hebergement-voyage\/"]}]},{"@type":"BreadcrumbList","@id":"https:\/\/www.brumasecenarios.com\/fr\/hebergement-voyage\/#breadcrumb","itemListElement":[{"@type":"ListItem","position":1,"name":"Home","item":"https:\/\/www.brumasecenarios.com\/fr\/"},{"@type":"ListItem","position":2,"name":"H\u00e9bergement\/Voyage"}]},{"@type":"WebSite","@id":"https:\/\/www.brumasecenarios.com\/#website","url":"https:\/\/www.brumasecenarios.com\/","name":"Brumas &amp; Cen\u00e1rios","description":"","potentialAction":[{"@type":"SearchAction","target":{"@type":"EntryPoint","urlTemplate":"https:\/\/www.brumasecenarios.com\/?s={search_term_string}"},"query-input":"required name=search_term_string"}],"inLanguage":"fr-FR"}]}},"_links":{"self":[{"href":"https:\/\/www.brumasecenarios.com\/fr\/wp-json\/wp\/v2\/pages\/488","targetHints":{"allow":["GET"]}}],"collection":[{"href":"https:\/\/www.brumasecenarios.com\/fr\/wp-json\/wp\/v2\/pages"}],"about":[{"href":"https:\/\/www.brumasecenarios.com\/fr\/wp-json\/wp\/v2\/types\/page"}],"author":[{"embeddable":true,"href":"https:\/\/www.brumasecenarios.com\/fr\/wp-json\/wp\/v2\/users\/1"}],"replies":[{"embeddable":true,"href":"https:\/\/www.brumasecenarios.com\/fr\/wp-json\/wp\/v2\/comments?post=488"}],"version-history":[{"count":7,"href":"https:\/\/www.brumasecenarios.com\/fr\/wp-json\/wp\/v2\/pages\/488\/revisions"}],"predecessor-version":[{"id":1739,"href":"https:\/\/www.brumasecenarios.com\/fr\/wp-json\/wp\/v2\/pages\/488\/revisions\/1739"}],"wp:featuredmedia":[{"embeddable":true,"href":"https:\/\/www.brumasecenarios.com\/fr\/wp-json\/wp\/v2\/media\/434"}],"wp:attachment":[{"href":"https:\/\/www.brumasecenarios.com\/fr\/wp-json\/wp\/v2\/media?parent=488"}],"curies":[{"name":"wp","href":"https:\/\/api.w.org\/{rel}","templated":true}]}}