{"id":568,"date":"2022-09-15T12:03:54","date_gmt":"2022-09-15T12:03:54","guid":{"rendered":"https:\/\/www.brumasecenarios.com\/termos-e-condicoes-das-atividades\/"},"modified":"2025-07-09T16:44:06","modified_gmt":"2025-07-09T16:44:06","slug":"terminos-y-condiciones-de-las-actividades","status":"publish","type":"page","link":"https:\/\/www.brumasecenarios.com\/es\/terminos-y-condiciones-de-las-actividades\/","title":{"rendered":"T\u00e9rminos y Condiciones de las Actividades"},"content":{"rendered":"<p>Nuestras excursiones de medio d\u00eda y d\u00eda completo tienen un n\u00famero m\u00ednimo de 2 personas. En estos mismos servicios existe la posibilidad de realizar paradas en otros puntos de inter\u00e9s. Aplicamos un descuento del 25% para ni\u00f1os menores de 12 a\u00f1os;<\/p>\n<p><strong>IVA:<\/strong> Todos los precios indicados en los programas y en la p\u00e1gina web de la Agencia ya reflejan el Impuesto sobre el Valor A\u00f1adido al tipo vigente;<\/p>\n<p>En caso de restricciones diet\u00e9ticas recomendamos que el cliente nos las comunique, de lo contrario no nos hacemos responsables de los inconvenientes causados.<\/p>\n<p><strong>Objetos perdidos:<\/strong> ser\u00e1n devueltos gratuitamente siempre y cuando no suponga ning\u00fan inconveniente para la empresa y sujeto a disponibilidad. En caso contrario, aplicaremos un cargo por desplazamiento o env\u00edo (v\u00eda CTT). Conservamos los bienes perdidos del cliente durante 6 meses.<\/p>\n<p><strong>Forma de Pago:<\/strong> El socio podr\u00e1 pagar los servicios solicitados (en Efectivo (\u20ac) o Transferencia Bancaria), antes o despu\u00e9s del servicio seg\u00fan preacuerdo (para pagos posteriores a los servicios solicitados, se realizar\u00e1 un contrato emitido por Brumas &amp; Cen\u00e1rios);<\/p>\n<p>Brumas &amp; Cen\u00e1rios se reserva el derecho de solicitar el pago por adelantado, si fuera necesario para garantizar las actividades, ya sean propias o de proveedores;<\/p>\n<p><strong>Reservas de Alojamiento:<\/strong> la Agencia realiza las reservas directamente con las unidades hoteleras y\/o a trav\u00e9s de centrales de reservas;<\/p>\n<p>La informaci\u00f3n sobre la disponibilidad y los precios de los alojamientos solicitados es responsabilidad de los proveedores;<\/p>\n<p>Las tarifas mostradas, cuando se solicitan, son din\u00e1micas y pueden, si la reserva no se realiza inmediatamente, sufrir cambios de precio;<\/p>\n<p><strong>Alquiler de coches:<\/strong> la agencia act\u00faa como intermediaria en los servicios de alquiler de coches, por lo que se limita a dirigir las solicitudes de alquiler a los proveedores de este tipo de servicio en el lugar de destino;<\/p>\n<p>En caso de que el cliente solicite extras contratados localmente y no considerados en el precio inicialmente informado, el cliente es responsable de los costes adicionales;<\/p>\n<p><strong>Alteraciones:<\/strong> siempre que existan razones ajenas que lo justifiquen, en el caso de actividades\/eventos organizados, la agencia podr\u00e1 cambiar el orden de los recorridos, modificar horarios, sustituir alguno de los alojamientos previstos por otros de similar categor\u00eda y ubicaci\u00f3n, debiendo informar al cliente de dicha alteraci\u00f3n tan pronto como tenga conocimiento de la misma;<\/p>\n<p>Cancelaci\u00f3n de actividades: Siempre que existan razones ajenas que lo justifiquen, Brumas &amp; Cen\u00e1rios se encargar\u00e1 de reorganizar las actividades en cuesti\u00f3n, siempre que no causen molestias al cliente, debiendo informar al cliente de dicha alteraci\u00f3n tan pronto como tenga conocimiento de la misma;<\/p>\n<p>&nbsp;<\/p>\n<p><strong>No se presenta:<\/strong><\/p>\n<p>Traslados:<\/p>\n<p><em>Desde el Aeropuerto<\/em> &#8211; Damos como no-show 45 minutos despu\u00e9s de la llegada del vuelo si el cliente no se presenta o no contacta con nosotros.<\/p>\n<p><em>Otros<\/em> &#8211; Consideramos como no-show la no presentaci\u00f3n o falta de contacto del cliente hasta 10 minutos despu\u00e9s de la hora prevista;<\/p>\n<p>Brumas &amp; Cen\u00e1rios, se reserva el derecho de cobrar el 100% del valor del traslado.<\/p>\n<p>&nbsp;<\/p>\n<p>Tours privados, paseos en jeep y caminatas privadas:<\/p>\n<p>Damos como no-show a la no presentaci\u00f3n o falta de contacto del cliente dentro de los 30 minutos de la hora programada;<\/p>\n<p>Brumas &amp; Cen\u00e1rios, se reserva el derecho de cobrar el 100% del valor del tour, excepto en caso de muerte, emergencia m\u00e9dica o familiar, debidamente justificada, siempre que no causen inconvenientes a la empresa (gastos de viaje, parque, etc.). Neste caso, a Brumas &amp; Cen\u00e1rios reserva-se o direito de cobrar um valor justific\u00e1vel para sustentar estes custos;<\/p>\n<p>Si el cliente desea reprogramar la excursi\u00f3n a la que no asisti\u00f3, Brumas &amp; Cen\u00e1rios aplicar\u00e1 un descuento del 50% sobre la misma.<\/p>\n<p>&nbsp;<\/p>\n<p>Excursiones:<\/p>\n<p>Damos como no-show a la no presentaci\u00f3n o falta de contacto del cliente hasta 15 minutos despu\u00e9s de la hora programada;<\/p>\n<p>Brumas &amp; Cen\u00e1rios, se reserva el derecho de cobrar el 100% del valor de la excursi\u00f3n, excepto en caso de fallecimiento, emergencia m\u00e9dica o familiar, debidamente justificados, siempre que no causen inconvenientes a la empresa (gastos de viaje, parque, etc.). Neste caso, a Brumas &amp; Cen\u00e1rios reserva-se o direito de cobrar um valor justific\u00e1vel para sustentar estes custos;<\/p>\n<p>&nbsp;<\/p>\n<p>&nbsp;<\/p>\n<p>Actividades asociadas (alojamiento\/hoteles, alquiler de coches, otras actividades):<\/p>\n<p>La pol\u00edtica de no-show es variable de acuerdo con cada empresa (y puede ser informada en el proceso de reserva, si es necesario).<\/p>\n","protected":false},"excerpt":{"rendered":"<p>Nuestras excursiones de medio d\u00eda y d\u00eda completo tienen un n\u00famero m\u00ednimo de 2 personas. En estos mismos servicios existe la posibilidad de realizar paradas en otros puntos de inter\u00e9s. Aplicamos un descuento del 25% para ni\u00f1os menores de 12 a\u00f1os; IVA: Todos los precios indicados en los programas y en la p\u00e1gina web de [&hellip;]<\/p>\n","protected":false},"author":1,"featured_media":0,"parent":0,"menu_order":0,"comment_status":"closed","ping_status":"closed","template":"","meta":{"footnotes":""},"class_list":["post-568","page","type-page","status-publish","hentry"],"acf":[],"yoast_head":"<!-- This site is optimized with the Yoast SEO plugin v20.1 - https:\/\/yoast.com\/wordpress\/plugins\/seo\/ -->\n<title>T\u00e9rminos y Condiciones de las Actividades - Brumas &amp; Cen\u00e1rios<\/title>\n<meta name=\"description\" content=\"Antes de hacer su reserva, lea cuidadosamente los t\u00e9rminos y condiciones de las actividades aqu\u00ed. P\u00f3ngase en contacto con nosotros!\" \/>\n<meta name=\"robots\" content=\"index, follow, max-snippet:-1, max-image-preview:large, max-video-preview:-1\" \/>\n<link rel=\"canonical\" href=\"https:\/\/www.brumasecenarios.com\/es\/terminos-y-condiciones-de-las-actividades\/\" \/>\n<meta property=\"og:locale\" content=\"es_ES\" \/>\n<meta property=\"og:type\" content=\"article\" \/>\n<meta property=\"og:title\" content=\"T\u00e9rminos y Condiciones de las Actividades - Brumas &amp; Cen\u00e1rios\" \/>\n<meta property=\"og:description\" content=\"Antes de hacer su reserva, lea cuidadosamente los t\u00e9rminos y condiciones de las actividades aqu\u00ed. P\u00f3ngase en contacto con nosotros!\" \/>\n<meta property=\"og:url\" content=\"https:\/\/www.brumasecenarios.com\/es\/terminos-y-condiciones-de-las-actividades\/\" \/>\n<meta property=\"og:site_name\" content=\"Brumas &amp; Cen\u00e1rios\" \/>\n<meta property=\"article:modified_time\" content=\"2025-07-09T16:44:06+00:00\" \/>\n<meta name=\"twitter:card\" content=\"summary_large_image\" \/>\n<meta name=\"twitter:label1\" content=\"Tiempo de lectura\" \/>\n\t<meta name=\"twitter:data1\" content=\"4 minutos\" \/>\n<script type=\"application\/ld+json\" class=\"yoast-schema-graph\">{\"@context\":\"https:\/\/schema.org\",\"@graph\":[{\"@type\":\"WebPage\",\"@id\":\"https:\/\/www.brumasecenarios.com\/es\/terminos-y-condiciones-de-las-actividades\/\",\"url\":\"https:\/\/www.brumasecenarios.com\/es\/terminos-y-condiciones-de-las-actividades\/\",\"name\":\"T\u00e9rminos y Condiciones de las Actividades - Brumas &amp; Cen\u00e1rios\",\"isPartOf\":{\"@id\":\"https:\/\/www.brumasecenarios.com\/#website\"},\"datePublished\":\"2022-09-15T12:03:54+00:00\",\"dateModified\":\"2025-07-09T16:44:06+00:00\",\"description\":\"Antes de hacer su reserva, lea cuidadosamente los t\u00e9rminos y condiciones de las actividades aqu\u00ed. P\u00f3ngase en contacto con nosotros!\",\"breadcrumb\":{\"@id\":\"https:\/\/www.brumasecenarios.com\/es\/terminos-y-condiciones-de-las-actividades\/#breadcrumb\"},\"inLanguage\":\"es\",\"potentialAction\":[{\"@type\":\"ReadAction\",\"target\":[\"https:\/\/www.brumasecenarios.com\/es\/terminos-y-condiciones-de-las-actividades\/\"]}]},{\"@type\":\"BreadcrumbList\",\"@id\":\"https:\/\/www.brumasecenarios.com\/es\/terminos-y-condiciones-de-las-actividades\/#breadcrumb\",\"itemListElement\":[{\"@type\":\"ListItem\",\"position\":1,\"name\":\"Home\",\"item\":\"https:\/\/www.brumasecenarios.com\/es\/\"},{\"@type\":\"ListItem\",\"position\":2,\"name\":\"T\u00e9rminos y Condiciones de las Actividades\"}]},{\"@type\":\"WebSite\",\"@id\":\"https:\/\/www.brumasecenarios.com\/#website\",\"url\":\"https:\/\/www.brumasecenarios.com\/\",\"name\":\"Brumas &amp; Cen\u00e1rios\",\"description\":\"\",\"potentialAction\":[{\"@type\":\"SearchAction\",\"target\":{\"@type\":\"EntryPoint\",\"urlTemplate\":\"https:\/\/www.brumasecenarios.com\/?s={search_term_string}\"},\"query-input\":\"required name=search_term_string\"}],\"inLanguage\":\"es\"}]}<\/script>\n<!-- \/ Yoast SEO plugin. -->","yoast_head_json":{"title":"T\u00e9rminos y Condiciones de las Actividades - Brumas &amp; Cen\u00e1rios","description":"Antes de hacer su reserva, lea cuidadosamente los t\u00e9rminos y condiciones de las actividades aqu\u00ed. P\u00f3ngase en contacto con nosotros!","robots":{"index":"index","follow":"follow","max-snippet":"max-snippet:-1","max-image-preview":"max-image-preview:large","max-video-preview":"max-video-preview:-1"},"canonical":"https:\/\/www.brumasecenarios.com\/es\/terminos-y-condiciones-de-las-actividades\/","og_locale":"es_ES","og_type":"article","og_title":"T\u00e9rminos y Condiciones de las Actividades - Brumas &amp; Cen\u00e1rios","og_description":"Antes de hacer su reserva, lea cuidadosamente los t\u00e9rminos y condiciones de las actividades aqu\u00ed. P\u00f3ngase en contacto con nosotros!","og_url":"https:\/\/www.brumasecenarios.com\/es\/terminos-y-condiciones-de-las-actividades\/","og_site_name":"Brumas &amp; Cen\u00e1rios","article_modified_time":"2025-07-09T16:44:06+00:00","twitter_card":"summary_large_image","twitter_misc":{"Tiempo de lectura":"4 minutos"},"schema":{"@context":"https:\/\/schema.org","@graph":[{"@type":"WebPage","@id":"https:\/\/www.brumasecenarios.com\/es\/terminos-y-condiciones-de-las-actividades\/","url":"https:\/\/www.brumasecenarios.com\/es\/terminos-y-condiciones-de-las-actividades\/","name":"T\u00e9rminos y Condiciones de las Actividades - Brumas &amp; Cen\u00e1rios","isPartOf":{"@id":"https:\/\/www.brumasecenarios.com\/#website"},"datePublished":"2022-09-15T12:03:54+00:00","dateModified":"2025-07-09T16:44:06+00:00","description":"Antes de hacer su reserva, lea cuidadosamente los t\u00e9rminos y condiciones de las actividades aqu\u00ed. P\u00f3ngase en contacto con nosotros!","breadcrumb":{"@id":"https:\/\/www.brumasecenarios.com\/es\/terminos-y-condiciones-de-las-actividades\/#breadcrumb"},"inLanguage":"es","potentialAction":[{"@type":"ReadAction","target":["https:\/\/www.brumasecenarios.com\/es\/terminos-y-condiciones-de-las-actividades\/"]}]},{"@type":"BreadcrumbList","@id":"https:\/\/www.brumasecenarios.com\/es\/terminos-y-condiciones-de-las-actividades\/#breadcrumb","itemListElement":[{"@type":"ListItem","position":1,"name":"Home","item":"https:\/\/www.brumasecenarios.com\/es\/"},{"@type":"ListItem","position":2,"name":"T\u00e9rminos y Condiciones de las Actividades"}]},{"@type":"WebSite","@id":"https:\/\/www.brumasecenarios.com\/#website","url":"https:\/\/www.brumasecenarios.com\/","name":"Brumas &amp; Cen\u00e1rios","description":"","potentialAction":[{"@type":"SearchAction","target":{"@type":"EntryPoint","urlTemplate":"https:\/\/www.brumasecenarios.com\/?s={search_term_string}"},"query-input":"required name=search_term_string"}],"inLanguage":"es"}]}},"_links":{"self":[{"href":"https:\/\/www.brumasecenarios.com\/es\/wp-json\/wp\/v2\/pages\/568","targetHints":{"allow":["GET"]}}],"collection":[{"href":"https:\/\/www.brumasecenarios.com\/es\/wp-json\/wp\/v2\/pages"}],"about":[{"href":"https:\/\/www.brumasecenarios.com\/es\/wp-json\/wp\/v2\/types\/page"}],"author":[{"embeddable":true,"href":"https:\/\/www.brumasecenarios.com\/es\/wp-json\/wp\/v2\/users\/1"}],"replies":[{"embeddable":true,"href":"https:\/\/www.brumasecenarios.com\/es\/wp-json\/wp\/v2\/comments?post=568"}],"version-history":[{"count":7,"href":"https:\/\/www.brumasecenarios.com\/es\/wp-json\/wp\/v2\/pages\/568\/revisions"}],"predecessor-version":[{"id":2261,"href":"https:\/\/www.brumasecenarios.com\/es\/wp-json\/wp\/v2\/pages\/568\/revisions\/2261"}],"wp:attachment":[{"href":"https:\/\/www.brumasecenarios.com\/es\/wp-json\/wp\/v2\/media?parent=568"}],"curies":[{"name":"wp","href":"https:\/\/api.w.org\/{rel}","templated":true}]}}