{"id":553,"date":"2022-09-14T13:51:56","date_gmt":"2022-09-14T13:51:56","guid":{"rendered":"https:\/\/www.brumasecenarios.com\/politica-privacidade\/"},"modified":"2023-04-21T10:21:54","modified_gmt":"2023-04-21T10:21:54","slug":"politica-de-privacidad","status":"publish","type":"page","link":"https:\/\/www.brumasecenarios.com\/es\/politica-de-privacidad\/","title":{"rendered":"Pol\u00edtica de privacidad"},"content":{"rendered":"<p><strong>RGPD \u2013 R\u00e9gimen General de Protecci\u00f3n de Datos<\/strong><br \/>\nPol\u00edtica de privacidad | Condiciones de uso y uso<\/p>\n<p>&nbsp;<\/p>\n<p><strong>DECLARACI\u00d3N Y CONSENTIMIENTO A LA POL\u00cdTICA DE PRIVACIDAD<\/strong><\/p>\n<p>Al aceptar esta Pol\u00edtica de Privacidad, usted est\u00e1 autorizando a Brumas &amp; Cen\u00e1rios Lda, persona jur\u00eddica n\u00famero 515710318, con sede en Estrada Regional n\u00ba16, 9545-301 Rem\u00e9dios, para procesar sus datos personales presentes en su formulario de registro, que usted confirma titular, as\u00ed como el datos relativos a su relaci\u00f3n comercial y contractual, y su respectiva gesti\u00f3n, en los t\u00e9rminos de la presente Pol\u00edtica de Privacidad.<\/p>\n<p>&nbsp;<\/p>\n<p>Adem\u00e1s declara:<\/p>\n<p>1. ser consciente y estar plenamente informado de que el tratamiento de sus datos personales incluye todas las operaciones realizadas sobre los datos transmitidos por usted, por medios automatizados o no, con la finalidad de:<\/p>\n<p>&#8211; mejorar el funcionamiento y las funcionalidades del sitio web de Brumas &amp; Cen\u00e1rios Lda (incluso en los casos en que sus datos ser\u00e1n agregados y tratados estad\u00edsticamente, sin que sean identificables por ning\u00fan tercero a quien se proporcionen);<br \/>\n&#8211; mejorar y personalizar los servicios que se le brindan;<br \/>\n&#8211; contactarlo a trav\u00e9s de correos electr\u00f3nicos, mensajes de texto o por tel\u00e9fono para &#8211; enviarle informaci\u00f3n o actualizaciones sobre sus transacciones y pedidos, as\u00ed como informaci\u00f3n sobre nuevos productos o servicios;<br \/>\n&#8211; interactuar con usted en las plataformas de redes sociales;<\/p>\n<p>2. acepta y consiente el libre uso y reproducci\u00f3n, por parte de Brumas &amp; Cen\u00e1rios Lda, de su contenido disponible p\u00fablicamente y\/o publicado en plataformas de redes sociales donde el \u201chashtag\u201d #brumasecenarios, nuestras marcas, se ha referido expl\u00edcita y espec\u00edficamente, productos o servicios;<\/p>\n<p>3. ser consciente de que, en los t\u00e9rminos de la legislaci\u00f3n aplicable, puede oponerse, limitar, rectificar o solicitar la supresi\u00f3n del tratamiento de sus datos para una o algunas de las finalidades descritas anteriormente, enviando una solicitud al siguiente correo electr\u00f3nico direcci\u00f3n: <a href=\"mailto:geral@brumasecenarios.com\">geral@brumasecenarios.com<\/a>, as\u00ed como tener derecho a presentar una denuncia ante las autoridades competentes;<\/p>\n<p>4. dar libre y voluntariamente este consentimiento y ser mayor de 16 a\u00f1os.<\/p>\n<p>&nbsp;<\/p>\n<p><strong>POL\u00cdTICA DE PRIVACIDAD<\/strong><\/p>\n<p>En Brumas &amp; Cenarios Lda, nos tomamos muy en serio su privacidad. Estamos comprometidos a maximizar su experiencia con nuestro sitio web y plataformas de redes sociales en un entorno seguro.<br \/>\nEs nuestra pol\u00edtica tratar sus datos personales con discreci\u00f3n y protegerlos. Esta Pol\u00edtica de privacidad explica c\u00f3mo recopilamos, protegemos, usamos y compartimos informaci\u00f3n sobre usted, en l\u00ednea y fuera de l\u00ednea, con la esperanza de brindarle una mayor confianza en Brumas &amp; Cen\u00e1rios Lda y mejorar su experiencia con nosotros.<\/p>\n<p>Tenga en cuenta que esta Pol\u00edtica de privacidad se aplica \u00fanicamente a la informaci\u00f3n recopilada por Brumas &amp; Cen\u00e1rios Lda y no se extiende a la informaci\u00f3n que pueda haber enviado en otros sitios web o plataformas sociales administradas por otras entidades u organizaciones a las que podemos referirnos. Esta pol\u00edtica de privacidad s\u00f3lo cubre este sitio web. Lea atentamente los siguientes t\u00e9rminos.<\/p>\n<p>&nbsp;<\/p>\n<p><strong>1. Tus datos<\/strong><\/p>\n<p>Brumas &amp; Cen\u00e1rios Lda se compromete a tratar sus datos personales de conformidad con el Reglamento Europeo (UE) 2016\/679 del Parlamento Europeo y del Consejo, de 27 de abril de 2016, relativo a la protecci\u00f3n de las personas f\u00edsicas en lo que respecta al tratamiento de datos personales y la libre circulaci\u00f3n de estos datos y por la que se deroga la Directiva 95\/46\/CE (Reglamento General de Protecci\u00f3n de Datos).<br \/>\nEste sitio no recopila informaci\u00f3n personal sobre usted a menos que usted nos la proporcione voluntariamente. Esto significa que no sabremos su nombre, direcci\u00f3n de correo electr\u00f3nico o cualquier otra informaci\u00f3n personal solo porque navegue por este sitio.<\/p>\n<p>Solo recopilamos sus datos cuando completa una solicitud de cotizaci\u00f3n en l\u00ednea o un formulario de contacto. Es posible que se le solicite que ingrese su nombre, n\u00famero de tel\u00e9fono, direcci\u00f3n de correo electr\u00f3nico y otra informaci\u00f3n relevante.<\/p>\n<p>Tenga en cuenta que al proporcionarnos informaci\u00f3n personal sobre usted en los t\u00e9rminos descritos en esta pol\u00edtica de privacidad, nos est\u00e1 dando su consentimiento para que usemos la misma para los fines aqu\u00ed mencionados.<\/p>\n<p>&nbsp;<\/p>\n<p><strong>2. Uso de sus datos<\/strong><\/p>\n<p>Cualquiera de los datos que nos facilite podr\u00e1 ser utilizado de las siguientes formas:<\/p>\n<p>personaliza tu experiencia con nosotros<br \/>\nmejorar nuestro sitio web en los servicios y recursos disponibles<br \/>\nmejorar nuestro servicio al cliente en general<br \/>\ncontactarte<br \/>\nadministrar un concurso, promoci\u00f3n, encuesta u otra funci\u00f3n<\/p>\n<p>Sus datos, ya sean p\u00fablicos o privados, no ser\u00e1n vendidos, intercambiados, transferidos o cedidos a ninguna otra empresa ajena a Brumas &amp; Cen\u00e1rios Lda, por ning\u00fan motivo, sin su consentimiento.<\/p>\n<p>Podemos usar y proporcionar informaci\u00f3n y estad\u00edsticas agregadas a terceros para monitorear el uso de nuestro sitio web a fin de ayudarnos a desarrollar nuestro sitio web y nuestros servicios. Los datos utilizados no deben incluir informaci\u00f3n que pueda ser utilizada para identificar a cualquier individuo.<\/p>\n<p>Los datos de contacto proporcionados por usted pueden utilizarse para enviar informaci\u00f3n y actualizaciones relacionadas con sus pedidos, adem\u00e1s de recibir actualizaciones ocasionales de Brumas &amp; Cen\u00e1rios Lda e informaci\u00f3n sobre productos o servicios relacionados.<\/p>\n<p>Es posible que nos comuniquemos con usted por correo electr\u00f3nico o por tel\u00e9fono para solicitar sus comentarios sobre nuestros productos y servicios.<\/p>\n<p>Nota: Si en alg\u00fan momento desea darse de baja de futuros correos electr\u00f3nicos, incluiremos instrucciones detalladas para darse de baja en la parte inferior de cada correo electr\u00f3nico.<\/p>\n<p>Brumas &amp; Cen\u00e1rios Lda almacena los datos de sus usuarios en sus servidores ubicados en Portugal y Espa\u00f1a. Estos servidores est\u00e1n protegidos y mantenidos de acuerdo con los m\u00e1s altos est\u00e1ndares de seguridad y en cumplimiento de las leyes de privacidad aplicables.<\/p>\n<p>&nbsp;<\/p>\n<p><strong>3. Protecci\u00f3n de su informaci\u00f3n<\/strong><\/p>\n<p>Seguimos los est\u00e1ndares de la industria para proteger sus datos durante la transmisi\u00f3n y, una vez recibidos, implementamos una serie de medidas para mantener la seguridad de los datos personales que nos transmite.<\/p>\n<p>SIN EMBARGO, DEBE SER CONSCIENTE DE QUE NING\u00daN M\u00c9TODO DE TRANSMISI\u00d3N O ALMACENAMIENTO ELECTR\u00d3NICO ES 100% SEGURO.<\/p>\n<p>POR LO TANTO, EN LA MEDIDA M\u00c1XIMA PERMITIDA POR LA LEY, NO PODEMOS SER RESPONSABLES DE NINGUNA RECLAMACI\u00d3N. P\u00c9RDIDAS Y DA\u00d1OS, INCLUYENDO, ENTRE OTROS, P\u00c9RDIDAS O DA\u00d1OS DIRECTOS, INDIRECTOS, ESPECIALES, PUNITIVOS, INCIDENTALES O CONSECUENTES INCURRIDO POR USTED O CUALQUIER USUARIO RELACIONADOS CON FRAUDE INFORM\u00c1TICO, RIESGOS O CUALQUIER OTRA INFRACCI\u00d3N O CIRCUNSTANCIAS EN LAS QUE SU INFORMACI\u00d3N SE ACCEDA O DIVULGUE SIN NUESTRA AUTORIZACI\u00d3N EXPRESA.<\/p>\n<p>&nbsp;<\/p>\n<p><strong>4. Galletas<\/strong><\/p>\n<p>Una cookie es un peque\u00f1o archivo de texto que, si bien no recoge informaci\u00f3n de car\u00e1cter personal que permita identificar al usuario, guarda sobre \u00e9l, en su dispositivo de acceso (tel\u00e9fono m\u00f3vil, ordenador u otro), informaci\u00f3n general sobre su navegaci\u00f3n que permite una posterior navegaci\u00f3n m\u00e1s r\u00e1pida. Uso. Es eficiente.<br \/>\nUna cookie, por s\u00ed misma, no identifica personalmente a ning\u00fan usuario\/visitante.<br \/>\nPodemos utilizar tecnolog\u00edas como \u00abcookies\u00bb para registrar informaci\u00f3n de sesi\u00f3n, recopilar visitas y acceder a detalles de nuestras p\u00e1ginas web que nos permiten continuar mejorando nuestros servicios y proporcionar funciones mejores y m\u00e1s \u00fatiles a los usuarios\/visitantes de nuestro sitio web.<\/p>\n<p>Las cookies son recomendables y tienen funciones espec\u00edficas para permitir una mejor y m\u00e1s personalizada navegaci\u00f3n.<\/p>\n<p>La existencia de cookies no afecta al funcionamiento de su dispositivo y su sistema operativo. Adem\u00e1s de la informaci\u00f3n almacenada en la cookie, tambi\u00e9n se almacena informaci\u00f3n en el \u00e1rea de \u00abalmacenamiento local\u00bb de su navegador con el mismo prop\u00f3sito que las cookies.<\/p>\n<p>Las cookies pueden ser de diferentes tipos: las que permiten identificar al usuario y mejorar el funcionamiento de los servicios de los sitios web; las que mejoran el rendimiento del sitio web analizando el uso que hacen los usuarios; las que permiten al usuario una navegaci\u00f3n m\u00e1s individualizada y las que recaban informaci\u00f3n del usuario sobre h\u00e1bitos de navegaci\u00f3n en internet para que la publicidad visualizada por el usuario se corresponda con sus necesidades e intereses.<\/p>\n<p>La finalidad principal de nuestras cookies es mejorar tu experiencia de navegaci\u00f3n porque, entre otras finalidades, nos ayuda a recordar tus preferencias. Esta informaci\u00f3n tambi\u00e9n nos permite mejorar nuestro sitio web (por ejemplo, facilitando el an\u00e1lisis estad\u00edstico de su uso). Teniendo en cuenta estos fines, su informaci\u00f3n de identificaci\u00f3n personal de car\u00e1cter sensible no se almacena a trav\u00e9s de cookies. La informaci\u00f3n contenida en nuestras cookies s\u00f3lo la utilizamos nosotros, a excepci\u00f3n de las relativas a Google Analytics (gestionadas por Google).<\/p>\n<p>Todos los navegadores permiten al usuario aceptar, rechazar o eliminar las cookies, es decir, mediante la selecci\u00f3n de la configuraci\u00f3n adecuada en el navegador respectivo, de modo que el usuario pueda, en cualquier momento, deshabilitar parcial o totalmente las cookies utilizadas en nuestro sitio web.<\/p>\n<p>Si elige deshabilitar las cookies, es posible que no pueda acceder a ciertas secciones de nuestro sitio web, su navegaci\u00f3n ser\u00e1 menos eficiente y es posible que ya no se beneficie de algunas de las caracter\u00edsticas o servicios.<\/p>\n<p>Nota: esta lista puede actualizarse en funci\u00f3n de nuevos servicios y caracter\u00edsticas de nuestro sitio web con la introducci\u00f3n de nuevas cookies.<\/p>\n<p>&nbsp;<\/p>\n<p><strong>5. C\u00f3mo garantizar tu seguridad<\/strong><\/p>\n<p>Para su privacidad, le recomendamos que no incluya datos personales, es decir, datos sensibles o confidenciales en los correos electr\u00f3nicos que nos env\u00ede. No nos env\u00ede por correo electr\u00f3nico n\u00fameros de tarjetas de cr\u00e9dito ni ninguna informaci\u00f3n personal confidencial.<\/p>\n<p>No recopilamos a sabiendas informaci\u00f3n personal de menores. Como padre o tutor legal, no permita que sus hijos env\u00eden informaci\u00f3n personal sin su permiso.<\/p>\n<p>NO SOMOS RESPONSABLES DE LOS DATOS DE IDENTIFICACI\u00d3N U OTRA INFORMACI\u00d3N QUE ELIJA ENVIAR EN FOROS COMO UN \u00c1REA DE COMENTARIOS O CUALQUIER OTRA \u00c1REA P\u00daBLICA ACCESIBLE QUE ADMINISTRAMOS O GESTIONAMOS.<\/p>\n<p>&nbsp;<\/p>\n<p><strong>6. Revelaci\u00f3n de informaci\u00f3n a terceros<\/strong><\/p>\n<p>No vendemos, comercializamos ni transferimos sus datos de identificaci\u00f3n personal a terceros. Esto no incluye a terceros de confianza que nos ayuden a administrar nuestro sitio web, aplicaciones m\u00f3viles, realizar nuestro negocio o brindar servicios a nuestros clientes, siempre que esas partes acuerden mantener la confidencialidad de esa informaci\u00f3n.<\/p>\n<p>Tambi\u00e9n podemos divulgar su informaci\u00f3n cuando creamos que la divulgaci\u00f3n es apropiada para cumplir con la ley, hacer cumplir las pol\u00edticas de nuestro sitio o proteger nuestros derechos, propiedad o seguridad.<\/p>\n<p>Sin embargo, la informaci\u00f3n del visitante no identificable personalmente se puede proporcionar a otras partes para marketing, publicidad u otros usos.<\/p>\n<p>&nbsp;<\/p>\n<p><strong>7. Enlaces de terceros<\/strong><\/p>\n<p>Tenga en cuenta que aunque se encuentre en un sitio web operado por nosotros, es posible que tambi\u00e9n se le remita a enlaces a sitios web de terceros. De vez en cuando, a nuestra discreci\u00f3n, podemos incluir u ofrecer servicios de terceros en nuestras plataformas.<\/p>\n<p>Estos sitios de terceros tienen pol\u00edticas de privacidad separadas e independientes. Estas pol\u00edticas no son administradas ni controladas por nosotros, por lo que Brumas &amp; Cen\u00e1rios Lda no asume ninguna responsabilidad por el contenido y las actividades de estos sitios web.<\/p>\n<p>Sin embargo, buscamos proteger la integridad de nuestro sitio web y nuestras plataformas, y lo invitamos a comunicarse con nosotros si desea brindarnos sus comentarios al respecto. Tambi\u00e9n le recomendamos que lea atentamente los t\u00e9rminos y condiciones y las pol\u00edticas de privacidad de estos sitios web vinculados antes de enviar cualquier informaci\u00f3n o datos personales.<\/p>\n<p>&nbsp;<\/p>\n<p><strong>8. Su consentimiento<\/strong><\/p>\n<p>Al utilizar nuestro sitio web y nuestras plataformas, acepta nuestra Pol\u00edtica de privacidad.<\/p>\n<p>&nbsp;<\/p>\n<p><strong>9. Plazo de conservaci\u00f3n de sus datos<\/strong><\/p>\n<p>Nos corresponde mencionar que los datos personales que nos proporcione se conservar\u00e1n hasta que solicite su eliminaci\u00f3n.<\/p>\n<p>&nbsp;<\/p>\n<p><strong>10. Derechos de autor<\/strong><\/p>\n<p>Los videos, sonidos, im\u00e1genes y toda la informaci\u00f3n de este sitio web no pueden ser copiados, distribuidos, modificados o colocados en plataformas digitales sin la autorizaci\u00f3n previa de Brumas &amp; Cen\u00e1rios Lda.<\/p>\n<p>&nbsp;<\/p>\n<p><strong>11. Sus derechos<\/strong><\/p>\n<p>Dado que queremos asegurarnos de que conoce sus derechos y de conformidad con la ley aplicable, queremos informarle que:<\/p>\n<ul>\n<li>Sus datos personales le pertenecen. Por tanto, tiene derecho a acceder, rectificar, limitar, suprimir y oponerse a su tratamiento, as\u00ed como a obtenerlos de Brumas &amp; Cen\u00e1rios Lda.<\/li>\n<li>Haremos todo lo posible para mantener sus datos personales actualizados y protegidos de acuerdo con los mejores est\u00e1ndares practicados por la industria.<\/li>\n<li>Tiene derecho a presentar una reclamaci\u00f3n ante la autoridad de protecci\u00f3n de datos competente. En Portugal, esta autoridad es la Comisi\u00f3n Nacional de Protecci\u00f3n de Datos (\u201cCNPD\u201d). Se puede obtener m\u00e1s informaci\u00f3n sobre la CNPD a trav\u00e9s del sitio web\u00a0<a href=\"http:\/\/www.cnpd.pt\" target=\"_blank\" rel=\"noopener\">cnpd.pt<\/a><\/li>\n<\/ul>\n<p>Para ejercer sus derechos de acceso, rectificaci\u00f3n, supresi\u00f3n, bloqueo u oposici\u00f3n al tratamiento de los datos personales que proporcione, en los t\u00e9rminos de la Ley n.\u00ba 67\/98, de 26 de octubre, debe enviar una solicitud para ello finalidad, a trav\u00e9s de la siguiente direcci\u00f3n de correo electr\u00f3nico: <a href=\"mailto:geral@brumasecenarios.com\">geral@brumasecenarios.com<\/a><\/p>\n<p>&nbsp;<\/p>\n<p><strong>12. Ley aplicable<\/strong><\/p>\n<p>Las presentes Condiciones de Uso y Uso se rigen y elaboran de conformidad con la legislaci\u00f3n vigente. Cualquier conflicto o divergencia de interpretaci\u00f3n de los mismos se someter\u00e1 al Tribunal competente.<\/p>\n<p>&nbsp;<\/p>\n<p><strong>13. Cambios en nuestra Pol\u00edtica de Privacidad<\/strong><\/p>\n<p>Nos reservamos el derecho de actualizar, cambiar o eliminar esta Pol\u00edtica de privacidad cualquiera de los t\u00e9rminos presentes en este documento sin ning\u00fan otro consentimiento. Cualquier cambio en la misma se har\u00e1 constar en nuestra p\u00e1gina web as\u00ed como mediante comunicaci\u00f3n a los medios de contacto indicados. Su uso continuado de nuestro sitio web, aplicaciones, servicios y caracter\u00edsticas ofrecidos despu\u00e9s de dicha comunicaci\u00f3n tendr\u00e1 su aceptaci\u00f3n de dichos cambios.<\/p>\n<p>La versi\u00f3n actual fue publicada el 11\/04\/2023.<\/p>\n<p>&nbsp;<\/p>\n<p><strong>14. Cont\u00e1ctenos<\/strong><\/p>\n<p>Si tiene alguna pregunta sobre esta Pol\u00edtica de privacidad o si desea ejercer cualquiera de sus derechos mencionados anteriormente, cont\u00e1ctenos en:<\/p>\n<p>Tel\u00e9fono: +351 962 374 325<\/p>\n<p>Correo electr\u00f3nico: <a href=\"mailto:geral@brumasecenarios.com\">geral@brumasecenarios.com<\/a><\/p>\n","protected":false},"excerpt":{"rendered":"<p>RGPD \u2013 R\u00e9gimen General de Protecci\u00f3n de Datos Pol\u00edtica de privacidad | Condiciones de uso y uso &nbsp; DECLARACI\u00d3N Y CONSENTIMIENTO A LA POL\u00cdTICA DE PRIVACIDAD Al aceptar esta Pol\u00edtica de Privacidad, usted est\u00e1 autorizando a Brumas &amp; Cen\u00e1rios Lda, persona jur\u00eddica n\u00famero 515710318, con sede en Estrada Regional n\u00ba16, 9545-301 Rem\u00e9dios, para procesar sus [&hellip;]<\/p>\n","protected":false},"author":1,"featured_media":0,"parent":0,"menu_order":0,"comment_status":"closed","ping_status":"closed","template":"","meta":{"footnotes":""},"class_list":["post-553","page","type-page","status-publish","hentry"],"acf":[],"yoast_head":"<!-- This site is optimized with the Yoast SEO plugin v20.1 - https:\/\/yoast.com\/wordpress\/plugins\/seo\/ -->\n<title>Pol\u00edtica de privacidad - Brumas &amp; Cen\u00e1rios<\/title>\n<meta name=\"description\" content=\"La protecci\u00f3n de sus datos es muy importante. Lea con mucha atenci\u00f3n la Pol\u00edtica de Privacidad del sitio Brumas y Escenarios.\" \/>\n<meta name=\"robots\" content=\"index, follow, max-snippet:-1, max-image-preview:large, max-video-preview:-1\" \/>\n<link rel=\"canonical\" href=\"https:\/\/www.brumasecenarios.com\/es\/politica-de-privacidad\/\" \/>\n<meta property=\"og:locale\" content=\"es_ES\" \/>\n<meta property=\"og:type\" content=\"article\" \/>\n<meta property=\"og:title\" content=\"Pol\u00edtica de privacidad - Brumas &amp; Cen\u00e1rios\" \/>\n<meta property=\"og:description\" content=\"La protecci\u00f3n de sus datos es muy importante. Lea con mucha atenci\u00f3n la Pol\u00edtica de Privacidad del sitio Brumas y Escenarios.\" \/>\n<meta property=\"og:url\" content=\"https:\/\/www.brumasecenarios.com\/es\/politica-de-privacidad\/\" \/>\n<meta property=\"og:site_name\" content=\"Brumas &amp; Cen\u00e1rios\" \/>\n<meta property=\"article:modified_time\" content=\"2023-04-21T10:21:54+00:00\" \/>\n<meta name=\"twitter:card\" content=\"summary_large_image\" \/>\n<meta name=\"twitter:label1\" content=\"Tiempo de lectura\" \/>\n\t<meta name=\"twitter:data1\" content=\"13 minutos\" \/>\n<script type=\"application\/ld+json\" class=\"yoast-schema-graph\">{\"@context\":\"https:\/\/schema.org\",\"@graph\":[{\"@type\":\"WebPage\",\"@id\":\"https:\/\/www.brumasecenarios.com\/es\/politica-de-privacidad\/\",\"url\":\"https:\/\/www.brumasecenarios.com\/es\/politica-de-privacidad\/\",\"name\":\"Pol\u00edtica de privacidad - Brumas &amp; Cen\u00e1rios\",\"isPartOf\":{\"@id\":\"https:\/\/www.brumasecenarios.com\/#website\"},\"datePublished\":\"2022-09-14T13:51:56+00:00\",\"dateModified\":\"2023-04-21T10:21:54+00:00\",\"description\":\"La protecci\u00f3n de sus datos es muy importante. Lea con mucha atenci\u00f3n la Pol\u00edtica de Privacidad del sitio Brumas y Escenarios.\",\"breadcrumb\":{\"@id\":\"https:\/\/www.brumasecenarios.com\/es\/politica-de-privacidad\/#breadcrumb\"},\"inLanguage\":\"es\",\"potentialAction\":[{\"@type\":\"ReadAction\",\"target\":[\"https:\/\/www.brumasecenarios.com\/es\/politica-de-privacidad\/\"]}]},{\"@type\":\"BreadcrumbList\",\"@id\":\"https:\/\/www.brumasecenarios.com\/es\/politica-de-privacidad\/#breadcrumb\",\"itemListElement\":[{\"@type\":\"ListItem\",\"position\":1,\"name\":\"Home\",\"item\":\"https:\/\/www.brumasecenarios.com\/es\/\"},{\"@type\":\"ListItem\",\"position\":2,\"name\":\"Pol\u00edtica de privacidad\"}]},{\"@type\":\"WebSite\",\"@id\":\"https:\/\/www.brumasecenarios.com\/#website\",\"url\":\"https:\/\/www.brumasecenarios.com\/\",\"name\":\"Brumas &amp; Cen\u00e1rios\",\"description\":\"\",\"potentialAction\":[{\"@type\":\"SearchAction\",\"target\":{\"@type\":\"EntryPoint\",\"urlTemplate\":\"https:\/\/www.brumasecenarios.com\/?s={search_term_string}\"},\"query-input\":\"required name=search_term_string\"}],\"inLanguage\":\"es\"}]}<\/script>\n<!-- \/ Yoast SEO plugin. -->","yoast_head_json":{"title":"Pol\u00edtica de privacidad - Brumas &amp; Cen\u00e1rios","description":"La protecci\u00f3n de sus datos es muy importante. Lea con mucha atenci\u00f3n la Pol\u00edtica de Privacidad del sitio Brumas y Escenarios.","robots":{"index":"index","follow":"follow","max-snippet":"max-snippet:-1","max-image-preview":"max-image-preview:large","max-video-preview":"max-video-preview:-1"},"canonical":"https:\/\/www.brumasecenarios.com\/es\/politica-de-privacidad\/","og_locale":"es_ES","og_type":"article","og_title":"Pol\u00edtica de privacidad - Brumas &amp; Cen\u00e1rios","og_description":"La protecci\u00f3n de sus datos es muy importante. Lea con mucha atenci\u00f3n la Pol\u00edtica de Privacidad del sitio Brumas y Escenarios.","og_url":"https:\/\/www.brumasecenarios.com\/es\/politica-de-privacidad\/","og_site_name":"Brumas &amp; Cen\u00e1rios","article_modified_time":"2023-04-21T10:21:54+00:00","twitter_card":"summary_large_image","twitter_misc":{"Tiempo de lectura":"13 minutos"},"schema":{"@context":"https:\/\/schema.org","@graph":[{"@type":"WebPage","@id":"https:\/\/www.brumasecenarios.com\/es\/politica-de-privacidad\/","url":"https:\/\/www.brumasecenarios.com\/es\/politica-de-privacidad\/","name":"Pol\u00edtica de privacidad - Brumas &amp; Cen\u00e1rios","isPartOf":{"@id":"https:\/\/www.brumasecenarios.com\/#website"},"datePublished":"2022-09-14T13:51:56+00:00","dateModified":"2023-04-21T10:21:54+00:00","description":"La protecci\u00f3n de sus datos es muy importante. Lea con mucha atenci\u00f3n la Pol\u00edtica de Privacidad del sitio Brumas y Escenarios.","breadcrumb":{"@id":"https:\/\/www.brumasecenarios.com\/es\/politica-de-privacidad\/#breadcrumb"},"inLanguage":"es","potentialAction":[{"@type":"ReadAction","target":["https:\/\/www.brumasecenarios.com\/es\/politica-de-privacidad\/"]}]},{"@type":"BreadcrumbList","@id":"https:\/\/www.brumasecenarios.com\/es\/politica-de-privacidad\/#breadcrumb","itemListElement":[{"@type":"ListItem","position":1,"name":"Home","item":"https:\/\/www.brumasecenarios.com\/es\/"},{"@type":"ListItem","position":2,"name":"Pol\u00edtica de privacidad"}]},{"@type":"WebSite","@id":"https:\/\/www.brumasecenarios.com\/#website","url":"https:\/\/www.brumasecenarios.com\/","name":"Brumas &amp; Cen\u00e1rios","description":"","potentialAction":[{"@type":"SearchAction","target":{"@type":"EntryPoint","urlTemplate":"https:\/\/www.brumasecenarios.com\/?s={search_term_string}"},"query-input":"required name=search_term_string"}],"inLanguage":"es"}]}},"_links":{"self":[{"href":"https:\/\/www.brumasecenarios.com\/es\/wp-json\/wp\/v2\/pages\/553","targetHints":{"allow":["GET"]}}],"collection":[{"href":"https:\/\/www.brumasecenarios.com\/es\/wp-json\/wp\/v2\/pages"}],"about":[{"href":"https:\/\/www.brumasecenarios.com\/es\/wp-json\/wp\/v2\/types\/page"}],"author":[{"embeddable":true,"href":"https:\/\/www.brumasecenarios.com\/es\/wp-json\/wp\/v2\/users\/1"}],"replies":[{"embeddable":true,"href":"https:\/\/www.brumasecenarios.com\/es\/wp-json\/wp\/v2\/comments?post=553"}],"version-history":[{"count":5,"href":"https:\/\/www.brumasecenarios.com\/es\/wp-json\/wp\/v2\/pages\/553\/revisions"}],"predecessor-version":[{"id":963,"href":"https:\/\/www.brumasecenarios.com\/es\/wp-json\/wp\/v2\/pages\/553\/revisions\/963"}],"wp:attachment":[{"href":"https:\/\/www.brumasecenarios.com\/es\/wp-json\/wp\/v2\/media?parent=553"}],"curies":[{"name":"wp","href":"https:\/\/api.w.org\/{rel}","templated":true}]}}