{"id":521,"date":"2022-09-14T15:47:06","date_gmt":"2022-09-14T15:47:06","guid":{"rendered":"https:\/\/www.brumasecenarios.com\/home\/"},"modified":"2025-12-22T10:22:07","modified_gmt":"2025-12-22T10:22:07","slug":"home","status":"publish","type":"page","link":"https:\/\/www.brumasecenarios.com\/es\/","title":{"rendered":"Home"},"content":{"rendered":"<h2 data-start=\"0\" data-end=\"81\"><strong data-start=\"0\" data-end=\"81\">Paseos nocturnos por belenes navide\u00f1os \u2013 Una experiencia invernal inolvidable<\/strong><\/h2>\n<p data-start=\"83\" data-end=\"336\">Bel\u00e9n de Furnas<br data-start=\"98\" data-end=\"101\" \/>Bel\u00e9n de Ribeira Grande<br data-start=\"124\" data-end=\"127\" \/>Bel\u00e9n de Lapinha<br data-start=\"143\" data-end=\"146\" \/>Belenes de la Junta de Freguesia de Arrifes<br data-start=\"189\" data-end=\"192\" \/>Bel\u00e9n de Ribeira Seca (Ribeira Grande)<br data-start=\"230\" data-end=\"233\" \/>Bel\u00e9n de \u00c1gua de Pau<br data-start=\"253\" data-end=\"256\" \/>Bel\u00e9n de S\u00e3o Br\u00e1s<br data-start=\"273\" data-end=\"276\" \/>Bel\u00e9n de la Casa do Arcano<br data-start=\"302\" data-end=\"305\" \/>Bel\u00e9n de Vila Franca do Campo<\/p>\n<p data-start=\"338\" data-end=\"398\"><strong data-start=\"338\" data-end=\"372\">Tenemos un obsequio para usted<\/strong><br data-start=\"372\" data-end=\"375\" \/><em data-start=\"375\" data-end=\"398\">(precios a consultar)<\/em><\/p>\n<p data-start=\"400\" data-end=\"578\" data-is-last-node=\"\" data-is-only-node=\"\"><strong data-start=\"400\" data-end=\"412\">Consejo:<\/strong> Visite durante Navidad y A\u00f1o Nuevo, ya que muchos belenes permanecen expuestos hasta la Epifan\u00eda (8 de enero) y algunos cuentan con m\u00fasica y eventos de inauguraci\u00f3n.<\/p>\n","protected":false},"excerpt":{"rendered":"<p>Paseos nocturnos por belenes navide\u00f1os \u2013 Una experiencia invernal inolvidable Bel\u00e9n de FurnasBel\u00e9n de Ribeira GrandeBel\u00e9n de LapinhaBelenes de la Junta de Freguesia de ArrifesBel\u00e9n de Ribeira Seca (Ribeira Grande)Bel\u00e9n de \u00c1gua de PauBel\u00e9n de S\u00e3o Br\u00e1sBel\u00e9n de la Casa do ArcanoBel\u00e9n de Vila Franca do Campo Tenemos un obsequio para usted(precios a consultar) Consejo: [&hellip;]<\/p>\n","protected":false},"author":1,"featured_media":881,"parent":0,"menu_order":0,"comment_status":"closed","ping_status":"closed","template":"front-page.php","meta":{"footnotes":""},"class_list":["post-521","page","type-page","status-publish","has-post-thumbnail","hentry"],"acf":[],"yoast_head":"<!-- This site is optimized with the Yoast SEO plugin v20.1 - https:\/\/yoast.com\/wordpress\/plugins\/seo\/ -->\n<title>Brumas &amp; Cen\u00e1rios - Atividades Tur\u00edsticas en Sao Miguel Azores<\/title>\n<meta name=\"description\" content=\"Brumas &amp; Cen\u00e1rios es una empresa con experiencia en la prestaci\u00f3n de servicios de traslados y excursiones personalizadas en Sao Miguel Azores\" \/>\n<meta name=\"robots\" content=\"index, follow, max-snippet:-1, max-image-preview:large, max-video-preview:-1\" \/>\n<link rel=\"canonical\" href=\"https:\/\/www.brumasecenarios.com\/es\/\" \/>\n<meta property=\"og:locale\" content=\"es_ES\" \/>\n<meta property=\"og:type\" content=\"article\" \/>\n<meta property=\"og:title\" content=\"Brumas &amp; Cen\u00e1rios - Atividades Tur\u00edsticas en Sao Miguel Azores\" \/>\n<meta property=\"og:description\" content=\"Brumas &amp; Cen\u00e1rios es una empresa con experiencia en la prestaci\u00f3n de servicios de traslados y excursiones personalizadas en Sao Miguel Azores\" \/>\n<meta property=\"og:url\" content=\"https:\/\/www.brumasecenarios.com\/es\/\" \/>\n<meta property=\"og:site_name\" content=\"Brumas &amp; Cen\u00e1rios\" \/>\n<meta property=\"article:modified_time\" content=\"2025-12-22T10:22:07+00:00\" \/>\n<meta property=\"og:image\" content=\"https:\/\/www.brumasecenarios.com\/wp-content\/uploads\/2023\/04\/068a8716-1-970-2500.jpg\" \/>\n\t<meta property=\"og:image:width\" content=\"970\" \/>\n\t<meta property=\"og:image:height\" content=\"647\" \/>\n\t<meta property=\"og:image:type\" content=\"image\/jpeg\" \/>\n<meta name=\"twitter:card\" content=\"summary_large_image\" \/>\n<meta name=\"twitter:label1\" content=\"Tiempo de lectura\" \/>\n\t<meta name=\"twitter:data1\" content=\"1 minuto\" \/>\n<script type=\"application\/ld+json\" class=\"yoast-schema-graph\">{\"@context\":\"https:\/\/schema.org\",\"@graph\":[{\"@type\":\"WebPage\",\"@id\":\"https:\/\/www.brumasecenarios.com\/es\/\",\"url\":\"https:\/\/www.brumasecenarios.com\/es\/\",\"name\":\"Brumas &amp; Cen\u00e1rios - Atividades Tur\u00edsticas en Sao Miguel Azores\",\"isPartOf\":{\"@id\":\"https:\/\/www.brumasecenarios.com\/#website\"},\"datePublished\":\"2022-09-14T15:47:06+00:00\",\"dateModified\":\"2025-12-22T10:22:07+00:00\",\"description\":\"Brumas & Cen\u00e1rios es una empresa con experiencia en la prestaci\u00f3n de servicios de traslados y excursiones personalizadas en Sao Miguel Azores\",\"breadcrumb\":{\"@id\":\"https:\/\/www.brumasecenarios.com\/es\/#breadcrumb\"},\"inLanguage\":\"es\",\"potentialAction\":[{\"@type\":\"ReadAction\",\"target\":[\"https:\/\/www.brumasecenarios.com\/es\/\"]}]},{\"@type\":\"BreadcrumbList\",\"@id\":\"https:\/\/www.brumasecenarios.com\/es\/#breadcrumb\",\"itemListElement\":[{\"@type\":\"ListItem\",\"position\":1,\"name\":\"Home\",\"item\":\"https:\/\/www.brumasecenarios.com\/es\/\"},{\"@type\":\"ListItem\",\"position\":2,\"name\":\"Home\"}]},{\"@type\":\"WebSite\",\"@id\":\"https:\/\/www.brumasecenarios.com\/#website\",\"url\":\"https:\/\/www.brumasecenarios.com\/\",\"name\":\"Brumas &amp; Cen\u00e1rios\",\"description\":\"\",\"potentialAction\":[{\"@type\":\"SearchAction\",\"target\":{\"@type\":\"EntryPoint\",\"urlTemplate\":\"https:\/\/www.brumasecenarios.com\/?s={search_term_string}\"},\"query-input\":\"required name=search_term_string\"}],\"inLanguage\":\"es\"}]}<\/script>\n<!-- \/ Yoast SEO plugin. -->","yoast_head_json":{"title":"Brumas &amp; Cen\u00e1rios - Atividades Tur\u00edsticas en Sao Miguel Azores","description":"Brumas & Cen\u00e1rios es una empresa con experiencia en la prestaci\u00f3n de servicios de traslados y excursiones personalizadas en Sao Miguel Azores","robots":{"index":"index","follow":"follow","max-snippet":"max-snippet:-1","max-image-preview":"max-image-preview:large","max-video-preview":"max-video-preview:-1"},"canonical":"https:\/\/www.brumasecenarios.com\/es\/","og_locale":"es_ES","og_type":"article","og_title":"Brumas &amp; Cen\u00e1rios - Atividades Tur\u00edsticas en Sao Miguel Azores","og_description":"Brumas & Cen\u00e1rios es una empresa con experiencia en la prestaci\u00f3n de servicios de traslados y excursiones personalizadas en Sao Miguel Azores","og_url":"https:\/\/www.brumasecenarios.com\/es\/","og_site_name":"Brumas &amp; Cen\u00e1rios","article_modified_time":"2025-12-22T10:22:07+00:00","og_image":[{"width":970,"height":647,"url":"https:\/\/www.brumasecenarios.com\/wp-content\/uploads\/2023\/04\/068a8716-1-970-2500.jpg","type":"image\/jpeg"}],"twitter_card":"summary_large_image","twitter_misc":{"Tiempo de lectura":"1 minuto"},"schema":{"@context":"https:\/\/schema.org","@graph":[{"@type":"WebPage","@id":"https:\/\/www.brumasecenarios.com\/es\/","url":"https:\/\/www.brumasecenarios.com\/es\/","name":"Brumas &amp; Cen\u00e1rios - Atividades Tur\u00edsticas en Sao Miguel Azores","isPartOf":{"@id":"https:\/\/www.brumasecenarios.com\/#website"},"datePublished":"2022-09-14T15:47:06+00:00","dateModified":"2025-12-22T10:22:07+00:00","description":"Brumas & Cen\u00e1rios es una empresa con experiencia en la prestaci\u00f3n de servicios de traslados y excursiones personalizadas en Sao Miguel Azores","breadcrumb":{"@id":"https:\/\/www.brumasecenarios.com\/es\/#breadcrumb"},"inLanguage":"es","potentialAction":[{"@type":"ReadAction","target":["https:\/\/www.brumasecenarios.com\/es\/"]}]},{"@type":"BreadcrumbList","@id":"https:\/\/www.brumasecenarios.com\/es\/#breadcrumb","itemListElement":[{"@type":"ListItem","position":1,"name":"Home","item":"https:\/\/www.brumasecenarios.com\/es\/"},{"@type":"ListItem","position":2,"name":"Home"}]},{"@type":"WebSite","@id":"https:\/\/www.brumasecenarios.com\/#website","url":"https:\/\/www.brumasecenarios.com\/","name":"Brumas &amp; Cen\u00e1rios","description":"","potentialAction":[{"@type":"SearchAction","target":{"@type":"EntryPoint","urlTemplate":"https:\/\/www.brumasecenarios.com\/?s={search_term_string}"},"query-input":"required name=search_term_string"}],"inLanguage":"es"}]}},"_links":{"self":[{"href":"https:\/\/www.brumasecenarios.com\/es\/wp-json\/wp\/v2\/pages\/521","targetHints":{"allow":["GET"]}}],"collection":[{"href":"https:\/\/www.brumasecenarios.com\/es\/wp-json\/wp\/v2\/pages"}],"about":[{"href":"https:\/\/www.brumasecenarios.com\/es\/wp-json\/wp\/v2\/types\/page"}],"author":[{"embeddable":true,"href":"https:\/\/www.brumasecenarios.com\/es\/wp-json\/wp\/v2\/users\/1"}],"replies":[{"embeddable":true,"href":"https:\/\/www.brumasecenarios.com\/es\/wp-json\/wp\/v2\/comments?post=521"}],"version-history":[{"count":8,"href":"https:\/\/www.brumasecenarios.com\/es\/wp-json\/wp\/v2\/pages\/521\/revisions"}],"predecessor-version":[{"id":2974,"href":"https:\/\/www.brumasecenarios.com\/es\/wp-json\/wp\/v2\/pages\/521\/revisions\/2974"}],"wp:featuredmedia":[{"embeddable":true,"href":"https:\/\/www.brumasecenarios.com\/es\/wp-json\/wp\/v2\/media\/881"}],"wp:attachment":[{"href":"https:\/\/www.brumasecenarios.com\/es\/wp-json\/wp\/v2\/media?parent=521"}],"curies":[{"name":"wp","href":"https:\/\/api.w.org\/{rel}","templated":true}]}}